{"id":127,"date":"2025-01-11T21:45:09","date_gmt":"2025-01-11T21:45:09","guid":{"rendered":"https:\/\/panprzepyszny.pl\/?page_id=127"},"modified":"2025-03-04T18:12:50","modified_gmt":"2025-03-04T18:12:50","slug":"zamowienia","status":"publish","type":"page","link":"https:\/\/panprzepyszny.pl\/index.php\/zamowienia\/","title":{"rendered":"ZAM\u00d3WIENIA"},"content":{"rendered":"\n<h4 class=\"wp-block-heading has-text-align-left\"><strong>ZAM\u00d3W SOBIE CO\u015a S\u0141ODKIEGO!<\/strong><\/h4>\n\n\n\n<div class=\"wp-block-group alignfull has-accent-4-background-color has-background is-vertical is-content-justification-center is-nowrap is-layout-flex wp-container-core-group-is-layout-2215816d wp-block-group-is-layout-flex\" style=\"min-height:100vh;margin-top:0;margin-bottom:0;padding-top:var(--wp--preset--spacing--50);padding-right:var(--wp--preset--spacing--50);padding-bottom:var(--wp--preset--spacing--50);padding-left:var(--wp--preset--spacing--50)\">\n<figure class=\"wp-block-image size-large\"><img loading=\"lazy\" decoding=\"async\" width=\"724\" height=\"1024\" src=\"https:\/\/panprzepyszny.pl\/wp-content\/uploads\/2025\/03\/Orange-Green-Neutral-Minimal-Filipino-Restaurant-Menu-Flyer-13-724x1024.png\" alt=\"\" class=\"wp-image-288\" srcset=\"https:\/\/panprzepyszny.pl\/wp-content\/uploads\/2025\/03\/Orange-Green-Neutral-Minimal-Filipino-Restaurant-Menu-Flyer-13-724x1024.png 724w, https:\/\/panprzepyszny.pl\/wp-content\/uploads\/2025\/03\/Orange-Green-Neutral-Minimal-Filipino-Restaurant-Menu-Flyer-13-212x300.png 212w, https:\/\/panprzepyszny.pl\/wp-content\/uploads\/2025\/03\/Orange-Green-Neutral-Minimal-Filipino-Restaurant-Menu-Flyer-13-768x1086.png 768w, https:\/\/panprzepyszny.pl\/wp-content\/uploads\/2025\/03\/Orange-Green-Neutral-Minimal-Filipino-Restaurant-Menu-Flyer-13-1086x1536.png 1086w, https:\/\/panprzepyszny.pl\/wp-content\/uploads\/2025\/03\/Orange-Green-Neutral-Minimal-Filipino-Restaurant-Menu-Flyer-13.png 1414w\" sizes=\"auto, (max-width: 724px) 100vw, 724px\" \/><\/figure>\n<\/div>\n\n\n\n<h4 class=\"wp-block-heading has-text-align-left\"><strong>Pami\u0119taj, \u017ce zam\u00f3wienia przyjmujemy minimum 3 dni wcze\u015bniej!<\/strong><\/h4>\n\n\n\n<div class=\"wp-block-group is-nowrap is-layout-flex wp-container-core-group-is-layout-6c531013 wp-block-group-is-layout-flex\">\n<h4 class=\"wp-block-heading has-text-align-left\"><strong>Poszczeg\u00f3lne s\u0142odko\u015bci z naszego aktualnego menu s\u0105 r\u00f3wnie\u017c dost\u0119pne na zam\u00f3wienie. Zadzwo\u0144 lub napisz do nas, a my skomponujemy dla Ciebie s\u0142odki box!<\/strong><\/h4>\n<\/div>\n\n\n\n<div style=\"height:100px\" aria-hidden=\"true\" class=\"wp-block-spacer\"><\/div>\n\n\n\n<h3 class=\"wp-block-heading\"><strong>NAPISZ DO NAS LUB ZADZWO\u0143:<\/strong><\/h3>\n\n\n\n<h5 class=\"wp-block-heading\"><strong>Tel: 796-428-830<\/strong><\/h5>\n\n\n\n<h5 class=\"wp-block-heading\"><strong>E-mail: panprzepyszny@gmail.com<\/strong><\/h5>\n\n\n\n<h5 class=\"wp-block-heading\"><strong>Instagram: panprzepyszny<\/strong><\/h5>\n\n\n\n<h5 class=\"wp-block-heading\"><strong>Facebook: Pan Przepyszny<\/strong><\/h5>\n\n\n\n<h5 class=\"wp-block-heading\"><strong>Adres: Tychy, 43-100 ul. Budowlanych 38\/1<\/strong><\/h5>\n\n\n\n<div class=\"wp-block-group alignfull has-accent-4-background-color has-background is-vertical is-content-justification-center is-nowrap is-layout-flex wp-container-core-group-is-layout-2215816d wp-block-group-is-layout-flex\" style=\"min-height:100vh;margin-top:0;margin-bottom:0;padding-top:var(--wp--preset--spacing--50);padding-right:var(--wp--preset--spacing--50);padding-bottom:var(--wp--preset--spacing--50);padding-left:var(--wp--preset--spacing--50)\">\n<div style=\"height:0px\" aria-hidden=\"true\" class=\"wp-block-spacer wp-container-content-6388d5dc\"><\/div>\n\n\n\n<div style=\"height:0px\" aria-hidden=\"true\" class=\"wp-block-spacer wp-container-content-6388d5dc\"><\/div>\n\n\n\n<div style=\"height:0px\" aria-hidden=\"true\" class=\"wp-block-spacer wp-container-content-6388d5dc\"><\/div>\n\n\n\n<div style=\"height:0px\" aria-hidden=\"true\" class=\"wp-block-spacer wp-container-content-6388d5dc\"><\/div>\n\n\n\n<figure class=\"wp-block-image size-large is-resized\"><img loading=\"lazy\" decoding=\"async\" width=\"724\" height=\"1024\" src=\"https:\/\/panprzepyszny.pl\/wp-content\/uploads\/2024\/12\/logo-3-kolor1-1-724x1024.png\" alt=\"\" class=\"wp-image-140\" style=\"width:192px;height:auto\" srcset=\"https:\/\/panprzepyszny.pl\/wp-content\/uploads\/2024\/12\/logo-3-kolor1-1-724x1024.png 724w, https:\/\/panprzepyszny.pl\/wp-content\/uploads\/2024\/12\/logo-3-kolor1-1-212x300.png 212w, https:\/\/panprzepyszny.pl\/wp-content\/uploads\/2024\/12\/logo-3-kolor1-1-768x1086.png 768w, https:\/\/panprzepyszny.pl\/wp-content\/uploads\/2024\/12\/logo-3-kolor1-1-1086x1536.png 1086w, https:\/\/panprzepyszny.pl\/wp-content\/uploads\/2024\/12\/logo-3-kolor1-1-1448x2048.png 1448w\" sizes=\"auto, (max-width: 724px) 100vw, 724px\" \/><\/figure>\n\n\n\n<figure class=\"wp-block-image size-large is-resized\"><img loading=\"lazy\" decoding=\"async\" width=\"1024\" height=\"144\" src=\"http:\/\/panprzepyszny.pl\/wp-content\/uploads\/2024\/12\/szyld-bez-tla1-3-1024x144.png\" alt=\"\" class=\"wp-image-169\" style=\"width:300px;height:auto\" srcset=\"https:\/\/panprzepyszny.pl\/wp-content\/uploads\/2024\/12\/szyld-bez-tla1-3-1024x144.png 1024w, https:\/\/panprzepyszny.pl\/wp-content\/uploads\/2024\/12\/szyld-bez-tla1-3-300x42.png 300w, https:\/\/panprzepyszny.pl\/wp-content\/uploads\/2024\/12\/szyld-bez-tla1-3-768x108.png 768w, https:\/\/panprzepyszny.pl\/wp-content\/uploads\/2024\/12\/szyld-bez-tla1-3-1536x217.png 1536w, https:\/\/panprzepyszny.pl\/wp-content\/uploads\/2024\/12\/szyld-bez-tla1-3-2048x289.png 2048w\" sizes=\"auto, (max-width: 1024px) 100vw, 1024px\" \/><\/figure>\n<\/div>\n\n\n\n<p><\/p>\n","protected":false},"excerpt":{"rendered":"<p>ZAM\u00d3W SOBIE CO\u015a S\u0141ODKIEGO! Pami\u0119taj, \u017ce zam\u00f3wienia przyjmujemy minimum 3 dni wcze\u015bniej! Poszczeg\u00f3lne s\u0142odko\u015bci z naszego aktualnego menu s\u0105 r\u00f3wnie\u017c dost\u0119pne na zam\u00f3wienie. Zadzwo\u0144 lub napisz do nas, a my skomponujemy dla Ciebie s\u0142odki box! NAPISZ DO NAS LUB ZADZWO\u0143: Tel: 796-428-830 E-mail: panprzepyszny@gmail.com Instagram: panprzepyszny Facebook: Pan Przepyszny Adres: Tychy, 43-100 ul. Budowlanych 38\/1<\/p>\n","protected":false},"author":1,"featured_media":0,"parent":0,"menu_order":0,"comment_status":"closed","ping_status":"closed","template":"","meta":{"footnotes":""},"class_list":["post-127","page","type-page","status-publish","hentry"],"_links":{"self":[{"href":"https:\/\/panprzepyszny.pl\/index.php\/wp-json\/wp\/v2\/pages\/127","targetHints":{"allow":["GET"]}}],"collection":[{"href":"https:\/\/panprzepyszny.pl\/index.php\/wp-json\/wp\/v2\/pages"}],"about":[{"href":"https:\/\/panprzepyszny.pl\/index.php\/wp-json\/wp\/v2\/types\/page"}],"author":[{"embeddable":true,"href":"https:\/\/panprzepyszny.pl\/index.php\/wp-json\/wp\/v2\/users\/1"}],"replies":[{"embeddable":true,"href":"https:\/\/panprzepyszny.pl\/index.php\/wp-json\/wp\/v2\/comments?post=127"}],"version-history":[{"count":32,"href":"https:\/\/panprzepyszny.pl\/index.php\/wp-json\/wp\/v2\/pages\/127\/revisions"}],"predecessor-version":[{"id":289,"href":"https:\/\/panprzepyszny.pl\/index.php\/wp-json\/wp\/v2\/pages\/127\/revisions\/289"}],"wp:attachment":[{"href":"https:\/\/panprzepyszny.pl\/index.php\/wp-json\/wp\/v2\/media?parent=127"}],"curies":[{"name":"wp","href":"https:\/\/api.w.org\/{rel}","templated":true}]}}